{"id":1122,"date":"2024-02-20T12:24:27","date_gmt":"2024-02-20T11:24:27","guid":{"rendered":"https:\/\/www.qboda.es\/promocio-2024\/"},"modified":"2024-03-22T10:42:06","modified_gmt":"2024-03-22T09:42:06","slug":"promocio-2024","status":"publish","type":"page","link":"https:\/\/www.qboda.es\/es\/promocio-2024\/","title":{"rendered":"Promoci\u00f3n 2024"},"content":{"rendered":"<p><div class=\"fusion-fullwidth fullwidth-box fusion-builder-row-1 fusion-flex-container has-pattern-background has-mask-background nonhundred-percent-fullwidth non-hundred-percent-height-scrolling\" style=\"--awb-border-radius-top-left:0px;--awb-border-radius-top-right:0px;--awb-border-radius-bottom-right:0px;--awb-border-radius-bottom-left:0px;--awb-padding-top:10%;--awb-padding-bottom:;--awb-flex-wrap:wrap;\" ><div class=\"awb-background-mask\" style=\"background-image:  url(https:\/\/www.qboda.es\/wp-content\/uploads\/2024\/02\/promo-e1707928669805.png);opacity: 1 ;transform: scale(1, 1);mix-blend-mode:normal;\"><\/div><div class=\"fusion-builder-row fusion-row fusion-flex-align-items-flex-start fusion-flex-justify-content-flex-end fusion-flex-content-wrap\" style=\"max-width:calc( 1500px + 0px );margin-left: calc(-0px \/ 2 );margin-right: calc(-0px \/ 2 );\"><div class=\"fusion-layout-column fusion_builder_column fusion-builder-column-0 fusion_builder_column_3_5 3_5 fusion-flex-column\" style=\"--awb-bg-size:cover;--awb-width-large:60%;--awb-margin-top-large:0px;--awb-spacing-right-large:0px;--awb-margin-bottom-large:20px;--awb-spacing-left-large:0px;--awb-width-medium:60%;--awb-order-medium:0;--awb-spacing-right-medium:0px;--awb-spacing-left-medium:0px;--awb-width-small:100%;--awb-order-small:0;--awb-spacing-right-small:0px;--awb-spacing-left-small:0px;\"><div class=\"fusion-column-wrapper fusion-column-has-shadow fusion-flex-justify-content-flex-start fusion-content-layout-column\"><div class=\"fusion-title title fusion-title-1 fusion-sep-none fusion-title-text fusion-title-size-three\" style=\"--awb-margin-bottom:0px;\"><h3 class=\"fusion-title-heading title-heading-left\" style=\"margin:0;\">CON QBODA<\/h3><\/div><div class=\"fusion-title title fusion-title-2 fusion-sep-none fusion-title-text fusion-title-size-one\" style=\"--awb-margin-bottom:8px;\"><h1 class=\"fusion-title-heading title-heading-left\" style=\"margin:0;\">AHORRA 1600\u20ac<\/h1><\/div><div class=\"fusion-image-element fusion-no-small-visibility\" style=\"text-align:left;--awb-caption-title-font-family:var(--h2_typography-font-family);--awb-caption-title-font-weight:var(--h2_typography-font-weight);--awb-caption-title-font-style:var(--h2_typography-font-style);--awb-caption-title-size:var(--h2_typography-font-size);--awb-caption-title-transform:var(--h2_typography-text-transform);--awb-caption-title-line-height:var(--h2_typography-line-height);--awb-caption-title-letter-spacing:var(--h2_typography-letter-spacing);\"><span class=\" fusion-imageframe imageframe-none imageframe-1 hover-type-none\"><img decoding=\"async\" width=\"792\" height=\"688\" title=\"ESTALVIAT 1\" src=\"https:\/\/www.qboda.es\/wp-content\/uploads\/2024\/02\/ESTALVIAT-1.png\" alt class=\"img-responsive wp-image-911\" srcset=\"https:\/\/www.qboda.es\/wp-content\/uploads\/2024\/02\/ESTALVIAT-1-200x174.png 200w, https:\/\/www.qboda.es\/wp-content\/uploads\/2024\/02\/ESTALVIAT-1-400x347.png 400w, https:\/\/www.qboda.es\/wp-content\/uploads\/2024\/02\/ESTALVIAT-1-600x521.png 600w, https:\/\/www.qboda.es\/wp-content\/uploads\/2024\/02\/ESTALVIAT-1.png 792w\" sizes=\"(max-width: 640px) 100vw, 792px\" \/><\/span><\/div><\/div><\/div><div class=\"fusion-layout-column fusion_builder_column fusion-builder-column-1 fusion_builder_column_2_5 2_5 fusion-flex-column\" style=\"--awb-bg-size:cover;--awb-width-large:40%;--awb-margin-top-large:0px;--awb-spacing-right-large:0px;--awb-margin-bottom-large:20px;--awb-spacing-left-large:0px;--awb-width-medium:40%;--awb-order-medium:0;--awb-spacing-right-medium:0px;--awb-spacing-left-medium:0px;--awb-width-small:100%;--awb-order-small:0;--awb-spacing-right-small:0px;--awb-spacing-left-small:0px;\"><div class=\"fusion-column-wrapper fusion-column-has-shadow fusion-flex-justify-content-flex-end fusion-content-layout-column\"><div class=\"fusion-image-element fusion-no-small-visibility\" style=\"--awb-margin-bottom:50px;--awb-caption-title-font-family:var(--h2_typography-font-family);--awb-caption-title-font-weight:var(--h2_typography-font-weight);--awb-caption-title-font-style:var(--h2_typography-font-style);--awb-caption-title-size:var(--h2_typography-font-size);--awb-caption-title-transform:var(--h2_typography-text-transform);--awb-caption-title-line-height:var(--h2_typography-line-height);--awb-caption-title-letter-spacing:var(--h2_typography-letter-spacing);\"><span class=\" fusion-imageframe imageframe-none imageframe-2 hover-type-none\"><img decoding=\"async\" width=\"495\" height=\"452\" title=\"ESTALVIAT2\" src=\"https:\/\/www.qboda.es\/wp-content\/uploads\/2024\/02\/ESTALVIAT2-e1707982025672.png\" alt class=\"img-responsive wp-image-912\" srcset=\"https:\/\/www.qboda.es\/wp-content\/uploads\/2024\/02\/ESTALVIAT2-e1707982025672-200x183.png 200w, https:\/\/www.qboda.es\/wp-content\/uploads\/2024\/02\/ESTALVIAT2-e1707982025672-400x365.png 400w, https:\/\/www.qboda.es\/wp-content\/uploads\/2024\/02\/ESTALVIAT2-e1707982025672.png 495w\" sizes=\"(max-width: 640px) 100vw, 495px\" \/><\/span><\/div><div class=\"fusion-image-element fusion-no-medium-visibility fusion-no-large-visibility\" style=\"--awb-margin-bottom:50px;--awb-caption-title-font-family:var(--h2_typography-font-family);--awb-caption-title-font-weight:var(--h2_typography-font-weight);--awb-caption-title-font-style:var(--h2_typography-font-style);--awb-caption-title-size:var(--h2_typography-font-size);--awb-caption-title-transform:var(--h2_typography-text-transform);--awb-caption-title-line-height:var(--h2_typography-line-height);--awb-caption-title-letter-spacing:var(--h2_typography-letter-spacing);\"><span class=\" fusion-imageframe imageframe-none imageframe-3 hover-type-none\"><img decoding=\"async\" width=\"495\" height=\"321\" title=\"ESTALVIAT2mobil\" src=\"https:\/\/www.qboda.es\/wp-content\/uploads\/2024\/03\/ESTALVIAT2mobil.png\" alt class=\"img-responsive wp-image-1096\" srcset=\"https:\/\/www.qboda.es\/wp-content\/uploads\/2024\/03\/ESTALVIAT2mobil-200x130.png 200w, https:\/\/www.qboda.es\/wp-content\/uploads\/2024\/03\/ESTALVIAT2mobil-400x259.png 400w, https:\/\/www.qboda.es\/wp-content\/uploads\/2024\/03\/ESTALVIAT2mobil.png 495w\" sizes=\"(max-width: 640px) 100vw, 495px\" \/><\/span><\/div><div class=\"fusion-builder-row fusion-builder-row-inner fusion-row fusion-flex-align-items-flex-start fusion-flex-justify-content-flex-end fusion-flex-content-wrap\" style=\"width:calc( 100% + 0px ) !important;max-width:calc( 100% + 0px ) !important;margin-left: calc(-0px \/ 2 );margin-right: calc(-0px \/ 2 );\"><div class=\"fusion-layout-column fusion_builder_column_inner fusion-builder-nested-column-0 fusion_builder_column_inner_1_5 1_5 fusion-flex-column\" style=\"--awb-bg-size:cover;--awb-width-large:20%;--awb-margin-top-large:0px;--awb-spacing-right-large:0px;--awb-margin-bottom-large:20px;--awb-spacing-left-large:0px;--awb-width-medium:20%;--awb-order-medium:0;--awb-spacing-right-medium:0px;--awb-spacing-left-medium:0px;--awb-width-small:100%;--awb-order-small:0;--awb-spacing-right-small:0px;--awb-spacing-left-small:0px;\"><div class=\"fusion-column-wrapper fusion-column-has-shadow fusion-flex-justify-content-flex-start fusion-content-layout-column\"><div class=\"fusion-image-element \" style=\"--awb-caption-title-font-family:var(--h2_typography-font-family);--awb-caption-title-font-weight:var(--h2_typography-font-weight);--awb-caption-title-font-style:var(--h2_typography-font-style);--awb-caption-title-size:var(--h2_typography-font-size);--awb-caption-title-transform:var(--h2_typography-text-transform);--awb-caption-title-line-height:var(--h2_typography-line-height);--awb-caption-title-letter-spacing:var(--h2_typography-letter-spacing);\"><span class=\" fusion-imageframe imageframe-none imageframe-4 hover-type-none\"><img decoding=\"async\" width=\"72\" height=\"114\" title=\"q72\" src=\"https:\/\/www.qboda.es\/wp-content\/uploads\/2024\/02\/q72.png\" alt class=\"img-responsive wp-image-885\"\/><\/span><\/div><\/div><\/div><div class=\"fusion-layout-column fusion_builder_column_inner fusion-builder-nested-column-1 fusion_builder_column_inner_4_5 4_5 fusion-flex-column\" style=\"--awb-bg-size:cover;--awb-width-large:80%;--awb-margin-top-large:0px;--awb-spacing-right-large:0px;--awb-margin-bottom-large:20px;--awb-spacing-left-large:0px;--awb-width-medium:80%;--awb-order-medium:0;--awb-spacing-right-medium:0px;--awb-spacing-left-medium:0px;--awb-width-small:100%;--awb-order-small:0;--awb-spacing-right-small:0px;--awb-spacing-left-small:0px;\"><div class=\"fusion-column-wrapper fusion-column-has-shadow fusion-flex-justify-content-flex-start fusion-content-layout-column\"><div class=\"fusion-title title fusion-title-3 fusion-sep-none fusion-title-text fusion-title-size-three\"><h3 class=\"fusion-title-heading title-heading-left\" style=\"margin:0;\">Bases legales de la promoci\u00f3n<\/h3><\/div><div class=\"fusion-title title fusion-title-4 fusion-sep-none fusion-title-text fusion-title-size-two\" style=\"--awb-font-size:30px;\"><h2 class=\"fusion-title-heading title-heading-left\" style=\"margin:0;font-size:1em;\">Consigue hasta 1.600\u20ac de descuentos con Qboda<\/h2><\/div><\/div><\/div><\/div><\/div><\/div><\/div><\/div><div class=\"fusion-fullwidth fullwidth-box fusion-builder-row-2 fusion-flex-container has-pattern-background has-mask-background nonhundred-percent-fullwidth non-hundred-percent-height-scrolling\" style=\"--awb-border-radius-top-left:0px;--awb-border-radius-top-right:0px;--awb-border-radius-bottom-right:0px;--awb-border-radius-bottom-left:0px;--awb-margin-top:-80px;--awb-flex-wrap:wrap;\" ><div class=\"fusion-builder-row fusion-row fusion-flex-align-items-flex-start fusion-flex-justify-content-center fusion-flex-content-wrap\" style=\"max-width:1560px;margin-left: calc(-4% \/ 2 );margin-right: calc(-4% \/ 2 );\"><div class=\"fusion-layout-column fusion_builder_column fusion-builder-column-2 fusion_builder_column_3_5 3_5 fusion-flex-column\" style=\"--awb-bg-size:cover;--awb-width-large:60%;--awb-margin-top-large:0px;--awb-spacing-right-large:3.2%;--awb-margin-bottom-large:20px;--awb-spacing-left-large:3.2%;--awb-width-medium:60%;--awb-order-medium:0;--awb-spacing-right-medium:3.2%;--awb-spacing-left-medium:3.2%;--awb-width-small:100%;--awb-order-small:0;--awb-margin-top-small:8%;--awb-spacing-right-small:1.92%;--awb-spacing-left-small:1.92%;\"><div class=\"fusion-column-wrapper fusion-column-has-shadow fusion-flex-justify-content-flex-start fusion-content-layout-column\"><div class=\"fusion-text fusion-text-1\"><p><strong>Identificaci\u00f3n de la empresa organizadora:<\/strong><\/p>\n<p>QBoda con la p\u00e1gina web <a href=\"https:\/\/www.qboda.es\/\" target=\"_new\" rel=\"noopener\">https:\/\/www.qboda.es\/<\/a> y el correo electr\u00f3nico <a target=\"_new\" rel=\"noopener\">info@qboda.es<\/a> ha organizado esta promoci\u00f3n: \u00abObt\u00e9n hasta 1.600\u20ac de descuentos con Qboda\u00bb.<\/p>\n<p>Fechas de inicio y finalizaci\u00f3n de la promoci\u00f3n y \u00e1mbito geogr\u00e1fico: La promoci\u00f3n tendr\u00e1 lugar desde el 25 de febrero de 2024 hasta el 31 de diciembre de 2024. La promoci\u00f3n est\u00e1 dirigida a las parejas que compren servicios o productos de los socios de Qboda durante el a\u00f1o 2024 y se casen en el a\u00f1o 2024 o 2025 en la provincia de Lleida o Huesca.<\/p>\n<p>Normas y condiciones para participar: Podr\u00e1n participar en la promoci\u00f3n aquellas parejas mayores de 18 a\u00f1os que se casen en Lleida o Huesca durante los a\u00f1os 2024 o 2025. Qboda se reserva el derecho a realizar cambios en la campa\u00f1a si durante su desarrollo se produjera alguna causa que impidiera llevarla a buen t\u00e9rmino o con la finalidad de mejorar su progreso.<\/p>\n<p><strong>La promoci\u00f3n consta de: <\/strong><br \/>\nDescuentos de 100\u20ac por cada compra superior a 1.000\u20ac o un descuento del 5% en compras inferiores a 1.000\u20ac, si el cliente compra a 4 proveedores QBoda.<\/p>\n<p>A la fecha de hoy y para esta promoci\u00f3n, los socios que figuran en ella para hacer uso de los descuentos son: Anima&#8217;ns Animaciones y Fiestas, Anna\u00ef Centro Est\u00e9tica, Arenas Pastry, Blackpier, Booknovias, Boom Beat, Deblaze, El Dien Catering, Els Trobadors, Espaior\u00f3, Flaires dise\u00f1o floral, La Villa, Lligabosc wedding planner, Margarida Aldab\u00f3, Marina Codina Atelier, M by Miquel, M\u00fasica Boda, Objetivo amor, Ochomilimetros, Palau de Margalef, Pirotecnia Ramonina, Reinald Pomes, Viajes Equador, Viajes Esther Tourism y Vintage Classic RT.<\/p>\n<p><strong>Valor y naturaleza de la promoci\u00f3n ofrecida por QBoda:<\/strong><\/p>\n<p>\u2713 100\u20ac por cada compra superior a 1.000\u20ac o un descuento del 5% en compras inferiores a 1.000\u20ac.<br \/>\n\u2713 Si el cliente compra a 4 proveedores QBoda.<br \/>\n\u2713 Solo se podr\u00e1 disfrutar de la promoci\u00f3n en compras realizadas a partir del 25 de febrero de 2024 y hasta el 31 de diciembre del mismo a\u00f1o.<br \/>\n\u2713 El cliente tendr\u00e1 en su poder un cart\u00f3n facilitado por cualquiera de los socios Qboda donde deber\u00e1 cambiar cuatro sellos diferentes. Una vez completado el cart\u00f3n, el cliente recibir\u00e1 100\u20ac de cada uno de los socios participantes en estas compras, ascendiendo el valor del cart\u00f3n a 400\u20ac.<br \/>\n\u2713 No hay l\u00edmite de cartones a llenar que una pareja pueda cambiar, as\u00ed, por ejemplo, puede tener en su poder 4 cartones, lo que le supondr\u00eda un descuento de 1.600\u20ac en su boda.<br \/>\n\u2713 Cada proveedor QBoda puede tener productos o servicios excluidos de esta promoci\u00f3n, por ejemplo, en promociones propias o paquetes cerrados, ser\u00e1 necesario consultar cada caso espec\u00edfico.<br \/>\n\u2713 Ser\u00e1 la junta de QBoda Lleida quien haga el seguimiento de la promoci\u00f3n y vele por el cumplimiento de todas las bases aqu\u00ed descritas.<\/p>\n<p><strong>Pasos a seguir de la promoci\u00f3n:<\/strong><\/p>\n<ol>\n<li>El cliente compra un servicio o producto en cualquier proveedor Qboda y se le entrega un cart\u00f3n, al mismo tiempo que el proveedor donde realiza la compra le pone un sello.<\/li>\n<li>El cliente compra un servicio o producto en otro proveedor Qboda y este le pone un segundo sello en su cart\u00f3n.<\/li>\n<li>Y as\u00ed sucesivamente hasta completar los 4 sellos necesarios para poder participar en la promoci\u00f3n.<\/li>\n<li>Una vez el cliente tiene los 4 sellos, los cambia uno a uno en el establecimiento o servicio del proveedor Qboda participante en este boleto.<\/li>\n<li>El cliente compra un servicio o producto en un quinto proveedor Qboda y se le entrega otro cart\u00f3n, para comenzar el mismo proceso. No hay l\u00edmite de cartones a cambiar por una pareja.<\/li>\n<\/ol>\n<p><strong>Penalizaciones en caso de uso fraudulento:<\/strong><\/p>\n<p>Se comprobar\u00e1 mediante pruebas reales que los sellos de los proveedores sean reales, tal como indican las bases de la promoci\u00f3n. Qboda se reserva el derecho de emprender acciones judiciales contra aquellas personas que realicen cualquier tipo de acto susceptible de ser considerado como manipulaci\u00f3n o falsificaci\u00f3n de la promoci\u00f3n.<\/p>\n<p><strong>Aceptaci\u00f3n de las Bases Legales:<\/strong><\/p>\n<p>La participaci\u00f3n en la promoci\u00f3n implica la aceptaci\u00f3n de los presentes t\u00e9rminos y condiciones legales. Cualquier manifestaci\u00f3n de no aceptaci\u00f3n de la totalidad o parte de las bases legales implicar\u00e1 la exclusi\u00f3n del cliente y, como consecuencia, Qboda quedar\u00e1 liberada del cumplimiento de la obligaci\u00f3n contra\u00edda con estos. Las presentes Bases de la Promoci\u00f3n se rigen por la Legislaci\u00f3n espa\u00f1ola.<\/p>\n<p>Lleida, 14 de febrero de 2024.<\/p>\n<\/div><\/div><\/div><\/div><\/div><div class=\"fusion-fullwidth fullwidth-box fusion-builder-row-3 fusion-flex-container has-pattern-background has-mask-background nonhundred-percent-fullwidth non-hundred-percent-height-scrolling\" style=\"--awb-border-radius-top-left:0px;--awb-border-radius-top-right:0px;--awb-border-radius-bottom-right:0px;--awb-border-radius-bottom-left:0px;--awb-padding-bottom:5%;--awb-flex-wrap:wrap;\" ><div class=\"fusion-builder-row fusion-row fusion-flex-align-items-flex-start fusion-flex-justify-content-center fusion-flex-content-wrap\" style=\"max-width:1560px;margin-left: calc(-4% \/ 2 );margin-right: calc(-4% \/ 2 );\"><div class=\"fusion-layout-column fusion_builder_column fusion-builder-column-3 fusion_builder_column_3_4 3_4 fusion-flex-column\" style=\"--awb-bg-size:cover;--awb-width-large:75%;--awb-margin-top-large:0px;--awb-spacing-right-large:2.56%;--awb-margin-bottom-large:20px;--awb-spacing-left-large:2.56%;--awb-width-medium:75%;--awb-order-medium:0;--awb-spacing-right-medium:2.56%;--awb-spacing-left-medium:2.56%;--awb-width-small:100%;--awb-order-small:0;--awb-spacing-right-small:1.92%;--awb-spacing-left-small:1.92%;\"><div class=\"fusion-column-wrapper fusion-column-has-shadow fusion-flex-justify-content-flex-start fusion-content-layout-column\"><div class=\"fusion-image-element \" style=\"--awb-caption-title-font-family:var(--h2_typography-font-family);--awb-caption-title-font-weight:var(--h2_typography-font-weight);--awb-caption-title-font-style:var(--h2_typography-font-style);--awb-caption-title-size:var(--h2_typography-font-size);--awb-caption-title-transform:var(--h2_typography-text-transform);--awb-caption-title-line-height:var(--h2_typography-line-height);--awb-caption-title-letter-spacing:var(--h2_typography-letter-spacing);--awb-filter:saturate(0%);--awb-filter-transition:filter 0.3s ease;--awb-filter-hover:saturate(0%);\"><span class=\" fusion-imageframe imageframe-none imageframe-5 hover-type-none\"><img decoding=\"async\" width=\"2560\" height=\"1707\" title=\"Wedding Videographer\" src=\"https:\/\/www.qboda.es\/wp-content\/uploads\/2024\/02\/32A2377-scaled.jpg\" alt class=\"img-responsive wp-image-1034\" srcset=\"https:\/\/www.qboda.es\/wp-content\/uploads\/2024\/02\/32A2377-200x133.jpg 200w, https:\/\/www.qboda.es\/wp-content\/uploads\/2024\/02\/32A2377-400x267.jpg 400w, https:\/\/www.qboda.es\/wp-content\/uploads\/2024\/02\/32A2377-600x400.jpg 600w, https:\/\/www.qboda.es\/wp-content\/uploads\/2024\/02\/32A2377-800x533.jpg 800w, https:\/\/www.qboda.es\/wp-content\/uploads\/2024\/02\/32A2377-1200x800.jpg 1200w, https:\/\/www.qboda.es\/wp-content\/uploads\/2024\/02\/32A2377-scaled.jpg 2560w\" sizes=\"(max-width: 640px) 100vw, 1200px\" \/><\/span><\/div><\/div><\/div><\/div><\/div><\/p>\n","protected":false},"excerpt":{"rendered":"","protected":false},"author":1,"featured_media":0,"parent":0,"menu_order":0,"comment_status":"closed","ping_status":"closed","template":"100-width.php","meta":{"_glsr_average":0,"_glsr_ranking":0,"_glsr_reviews":0,"footnotes":""},"class_list":["post-1122","page","type-page","status-publish","hentry"],"yoast_head":"<!-- This site is optimized with the Yoast SEO plugin v24.3 - https:\/\/yoast.com\/wordpress\/plugins\/seo\/ -->\n<title>Promoci\u00f3n 2024 - QBoda<\/title>\n<meta name=\"robots\" content=\"index, follow, max-snippet:-1, max-image-preview:large, max-video-preview:-1\" \/>\n<link rel=\"canonical\" href=\"https:\/\/www.qboda.es\/es\/promocio-2024\/\" \/>\n<meta property=\"og:locale\" content=\"es_ES\" \/>\n<meta property=\"og:type\" content=\"article\" \/>\n<meta property=\"og:title\" content=\"Promoci\u00f3n 2024 - QBoda\" \/>\n<meta property=\"og:url\" content=\"https:\/\/www.qboda.es\/es\/promocio-2024\/\" \/>\n<meta property=\"og:site_name\" content=\"QBoda\" \/>\n<meta property=\"article:modified_time\" content=\"2024-03-22T09:42:06+00:00\" \/>\n<meta name=\"twitter:card\" content=\"summary_large_image\" \/>\n<meta name=\"twitter:label1\" content=\"Tiempo de lectura\" \/>\n\t<meta name=\"twitter:data1\" content=\"38 minutos\" \/>\n<script type=\"application\/ld+json\" class=\"yoast-schema-graph\">{\"@context\":\"https:\/\/schema.org\",\"@graph\":[{\"@type\":\"WebPage\",\"@id\":\"https:\/\/www.qboda.es\/es\/promocio-2024\/\",\"url\":\"https:\/\/www.qboda.es\/es\/promocio-2024\/\",\"name\":\"Promoci\u00f3n 2024 - QBoda\",\"isPartOf\":{\"@id\":\"https:\/\/www.qboda.es\/#website\"},\"datePublished\":\"2024-02-20T11:24:27+00:00\",\"dateModified\":\"2024-03-22T09:42:06+00:00\",\"breadcrumb\":{\"@id\":\"https:\/\/www.qboda.es\/es\/promocio-2024\/#breadcrumb\"},\"inLanguage\":\"es\",\"potentialAction\":[{\"@type\":\"ReadAction\",\"target\":[\"https:\/\/www.qboda.es\/es\/promocio-2024\/\"]}]},{\"@type\":\"BreadcrumbList\",\"@id\":\"https:\/\/www.qboda.es\/es\/promocio-2024\/#breadcrumb\",\"itemListElement\":[{\"@type\":\"ListItem\",\"position\":1,\"name\":\"Inici\",\"item\":\"https:\/\/www.qboda.es\/es\/\"},{\"@type\":\"ListItem\",\"position\":2,\"name\":\"Promoci\u00f3n 2024\"}]},{\"@type\":\"WebSite\",\"@id\":\"https:\/\/www.qboda.es\/#website\",\"url\":\"https:\/\/www.qboda.es\/\",\"name\":\"QBoda\",\"description\":\"Els Millors Proveidors nupcials de les terrres de Lleida\",\"potentialAction\":[{\"@type\":\"SearchAction\",\"target\":{\"@type\":\"EntryPoint\",\"urlTemplate\":\"https:\/\/www.qboda.es\/?s={search_term_string}\"},\"query-input\":{\"@type\":\"PropertyValueSpecification\",\"valueRequired\":true,\"valueName\":\"search_term_string\"}}],\"inLanguage\":\"es\"}]}<\/script>\n<!-- \/ Yoast SEO plugin. -->","yoast_head_json":{"title":"Promoci\u00f3n 2024 - QBoda","robots":{"index":"index","follow":"follow","max-snippet":"max-snippet:-1","max-image-preview":"max-image-preview:large","max-video-preview":"max-video-preview:-1"},"canonical":"https:\/\/www.qboda.es\/es\/promocio-2024\/","og_locale":"es_ES","og_type":"article","og_title":"Promoci\u00f3n 2024 - QBoda","og_url":"https:\/\/www.qboda.es\/es\/promocio-2024\/","og_site_name":"QBoda","article_modified_time":"2024-03-22T09:42:06+00:00","twitter_card":"summary_large_image","twitter_misc":{"Tiempo de lectura":"38 minutos"},"schema":{"@context":"https:\/\/schema.org","@graph":[{"@type":"WebPage","@id":"https:\/\/www.qboda.es\/es\/promocio-2024\/","url":"https:\/\/www.qboda.es\/es\/promocio-2024\/","name":"Promoci\u00f3n 2024 - QBoda","isPartOf":{"@id":"https:\/\/www.qboda.es\/#website"},"datePublished":"2024-02-20T11:24:27+00:00","dateModified":"2024-03-22T09:42:06+00:00","breadcrumb":{"@id":"https:\/\/www.qboda.es\/es\/promocio-2024\/#breadcrumb"},"inLanguage":"es","potentialAction":[{"@type":"ReadAction","target":["https:\/\/www.qboda.es\/es\/promocio-2024\/"]}]},{"@type":"BreadcrumbList","@id":"https:\/\/www.qboda.es\/es\/promocio-2024\/#breadcrumb","itemListElement":[{"@type":"ListItem","position":1,"name":"Inici","item":"https:\/\/www.qboda.es\/es\/"},{"@type":"ListItem","position":2,"name":"Promoci\u00f3n 2024"}]},{"@type":"WebSite","@id":"https:\/\/www.qboda.es\/#website","url":"https:\/\/www.qboda.es\/","name":"QBoda","description":"Els Millors Proveidors nupcials de les terrres de Lleida","potentialAction":[{"@type":"SearchAction","target":{"@type":"EntryPoint","urlTemplate":"https:\/\/www.qboda.es\/?s={search_term_string}"},"query-input":{"@type":"PropertyValueSpecification","valueRequired":true,"valueName":"search_term_string"}}],"inLanguage":"es"}]}},"_links":{"self":[{"href":"https:\/\/www.qboda.es\/es\/wp-json\/wp\/v2\/pages\/1122","targetHints":{"allow":["GET"]}}],"collection":[{"href":"https:\/\/www.qboda.es\/es\/wp-json\/wp\/v2\/pages"}],"about":[{"href":"https:\/\/www.qboda.es\/es\/wp-json\/wp\/v2\/types\/page"}],"author":[{"embeddable":true,"href":"https:\/\/www.qboda.es\/es\/wp-json\/wp\/v2\/users\/1"}],"replies":[{"embeddable":true,"href":"https:\/\/www.qboda.es\/es\/wp-json\/wp\/v2\/comments?post=1122"}],"version-history":[{"count":2,"href":"https:\/\/www.qboda.es\/es\/wp-json\/wp\/v2\/pages\/1122\/revisions"}],"predecessor-version":[{"id":1124,"href":"https:\/\/www.qboda.es\/es\/wp-json\/wp\/v2\/pages\/1122\/revisions\/1124"}],"wp:attachment":[{"href":"https:\/\/www.qboda.es\/es\/wp-json\/wp\/v2\/media?parent=1122"}],"curies":[{"name":"wp","href":"https:\/\/api.w.org\/{rel}","templated":true}]}}