{"id":1207,"date":"2024-02-19T13:25:03","date_gmt":"2024-02-19T12:25:03","guid":{"rendered":"https:\/\/www.qboda.es\/estilistes\/mbymiquel-estilisme-qboda\/"},"modified":"2024-04-03T11:14:10","modified_gmt":"2024-04-03T10:14:10","slug":"mbymiquel-estilisme-qboda","status":"publish","type":"page","link":"https:\/\/www.qboda.es\/es\/estilistes\/mbymiquel-estilisme-qboda\/","title":{"rendered":"MbyMiquel- estilisme- qboda"},"content":{"rendered":"<p><div class=\"fusion-fullwidth fullwidth-box fusion-builder-row-1 fusion-flex-container has-pattern-background has-mask-background fusion-parallax-none nonhundred-percent-fullwidth non-hundred-percent-height-scrolling\" style=\"--awb-background-position:center bottom;--awb-border-radius-top-left:0px;--awb-border-radius-top-right:0px;--awb-border-radius-bottom-right:0px;--awb-border-radius-bottom-left:0px;--awb-padding-top:14%;--awb-padding-bottom:5%;--awb-background-image:url(&quot;https:\/\/www.qboda.es\/wp-content\/uploads\/2024\/02\/promo-e1707928669805.png&quot;);--awb-background-size:cover;--awb-flex-wrap:wrap;\" ><div class=\"fusion-builder-row fusion-row fusion-flex-align-items-center fusion-flex-content-wrap\" style=\"max-width:1560px;margin-left: calc(-4% \/ 2 );margin-right: calc(-4% \/ 2 );\"><div class=\"fusion-layout-column fusion_builder_column fusion-builder-column-0 fusion_builder_column_1_2 1_2 fusion-flex-column\" style=\"--awb-bg-size:cover;--awb-width-large:50%;--awb-margin-top-large:0px;--awb-spacing-right-large:3.84%;--awb-margin-bottom-large:20px;--awb-spacing-left-large:3.84%;--awb-width-medium:50%;--awb-order-medium:0;--awb-spacing-right-medium:3.84%;--awb-spacing-left-medium:3.84%;--awb-width-small:100%;--awb-order-small:0;--awb-spacing-right-small:1.92%;--awb-spacing-left-small:1.92%;\"><div class=\"fusion-column-wrapper fusion-column-has-shadow fusion-flex-justify-content-flex-start fusion-content-layout-column\"><div class=\"fusion-image-element \" style=\"text-align:center;--awb-caption-title-font-family:var(--h2_typography-font-family);--awb-caption-title-font-weight:var(--h2_typography-font-weight);--awb-caption-title-font-style:var(--h2_typography-font-style);--awb-caption-title-size:var(--h2_typography-font-size);--awb-caption-title-transform:var(--h2_typography-text-transform);--awb-caption-title-line-height:var(--h2_typography-line-height);--awb-caption-title-letter-spacing:var(--h2_typography-letter-spacing);\"><span class=\" fusion-imageframe imageframe-none imageframe-1 hover-type-none\"><img decoding=\"async\" width=\"2560\" height=\"1707\" title=\"mbymiquel\" src=\"https:\/\/www.qboda.es\/wp-content\/uploads\/2024\/02\/mbymiquel-scaled.jpg\" alt class=\"img-responsive wp-image-983\" srcset=\"https:\/\/www.qboda.es\/wp-content\/uploads\/2024\/02\/mbymiquel-200x133.jpg 200w, https:\/\/www.qboda.es\/wp-content\/uploads\/2024\/02\/mbymiquel-400x267.jpg 400w, https:\/\/www.qboda.es\/wp-content\/uploads\/2024\/02\/mbymiquel-600x400.jpg 600w, https:\/\/www.qboda.es\/wp-content\/uploads\/2024\/02\/mbymiquel-800x533.jpg 800w, https:\/\/www.qboda.es\/wp-content\/uploads\/2024\/02\/mbymiquel-1200x800.jpg 1200w, https:\/\/www.qboda.es\/wp-content\/uploads\/2024\/02\/mbymiquel-scaled.jpg 2560w\" sizes=\"(max-width: 640px) 100vw, 800px\" \/><\/span><\/div><\/div><\/div><div class=\"fusion-layout-column fusion_builder_column fusion-builder-column-1 fusion_builder_column_1_2 1_2 fusion-flex-column\" style=\"--awb-bg-size:cover;--awb-width-large:50%;--awb-margin-top-large:0px;--awb-spacing-right-large:3.84%;--awb-margin-bottom-large:20px;--awb-spacing-left-large:3.84%;--awb-width-medium:50%;--awb-order-medium:0;--awb-spacing-right-medium:3.84%;--awb-spacing-left-medium:3.84%;--awb-width-small:100%;--awb-order-small:0;--awb-spacing-right-small:1.92%;--awb-spacing-left-small:1.92%;\"><div class=\"fusion-column-wrapper fusion-column-has-shadow fusion-flex-justify-content-flex-end fusion-content-layout-column\"><div class=\"fusion-title title fusion-title-1 fusion-sep-none fusion-title-text fusion-title-size-three\" style=\"--awb-margin-bottom:0px;\"><h3 class=\"fusion-title-heading title-heading-left\" style=\"margin:0;\">Est\u00e9tica<\/h3><\/div><div class=\"fusion-title title fusion-title-2 fusion-sep-none fusion-title-text fusion-title-size-one\" style=\"--awb-margin-bottom:8px;\"><h1 class=\"fusion-title-heading title-heading-left\" style=\"margin:0;\">MbyMiquel<\/h1><\/div><div class=\"fusion-text fusion-text-1 fusion-text-no-margin\" style=\"--awb-margin-bottom:20px;\"><div class=\"glsr glsr-default\" id=\"glsr_456a840a\" data-from='shortcode' data-shortcode='site_reviews_summary' data-assigned_posts='400' data-hide='[&quot;bars&quot;,&quot;if_empty&quot;,&quot;summary&quot;]'><\/div>\n<\/div><div class=\"fusion-title title fusion-title-3 fusion-sep-none fusion-title-text fusion-title-size-four\" style=\"--awb-margin-top:0px;--awb-margin-bottom:0px;\"><h4 class=\"fusion-title-heading title-heading-left\" style=\"margin:0;\"><p>Soy Miquel, estilista, peluquero y dise\u00f1ador de peinados con estilo propio. La pasi\u00f3n por la creatividad, la imaginaci\u00f3n y la proximidad me definen.<\/p>\n<p>Inici\u00e9 mi mundo profesional hace m\u00e1s de diez a\u00f1os y en 2022 me especialic\u00e9 en el mundo bridal. Me siento afortunado de trabajar haciendo lo que m\u00e1s me gusta y, sobre todo, por compartir mi pasi\u00f3n con las novias un d\u00eda tan especial para ellas.<\/p>\n<p>Un buen asesoramiento en la entrevista, un estudio personalizado antes de la prueba, fusionar los peinados favoritos en la prueba y dise\u00f1ar el tuyo, cuidando el m\u00ednimo detalle para el gran d\u00eda, \u00e9sta ser\u00e1 mi labor m\u00e1s especial.<\/p>\n<p>Mi misi\u00f3n es cuidar todos los detalles, aportando tranquilidad y seguridad durante todo el proceso, para que el d\u00eda de la boda cada novia luzca el peinado de sus sue\u00f1os, dise\u00f1ado exclusivamente para ella y as\u00ed, irradie felicidad.<\/p><\/h4><\/div><div class=\"fusion-builder-row fusion-builder-row-inner fusion-row fusion-flex-align-items-center fusion-flex-content-wrap\" style=\"width:104% !important;max-width:104% !important;margin-left: calc(-4% \/ 2 );margin-right: calc(-4% \/ 2 );\"><div class=\"fusion-layout-column fusion_builder_column_inner fusion-builder-nested-column-0 fusion_builder_column_inner_1_2 1_2 fusion-flex-column\" style=\"--awb-bg-size:cover;--awb-width-large:50%;--awb-margin-top-large:0px;--awb-spacing-right-large:3.84%;--awb-margin-bottom-large:20px;--awb-spacing-left-large:3.84%;--awb-width-medium:50%;--awb-order-medium:0;--awb-spacing-right-medium:3.84%;--awb-spacing-left-medium:3.84%;--awb-width-small:100%;--awb-order-small:0;--awb-spacing-right-small:1.92%;--awb-spacing-left-small:1.92%;\"><div class=\"fusion-column-wrapper fusion-column-has-shadow fusion-flex-justify-content-flex-start fusion-content-layout-column\"><div ><a class=\"fusion-button button-flat fusion-button-default-size button-default fusion-button-default button-1 fusion-button-default-span fusion-button-default-type\" style=\"--button_margin-top:20px;--button_margin-bottom:20px;\" target=\"_blank\" rel=\"noopener noreferrer\" href=\"https:\/\/www.instagram.com\/mbymiquel\/\"><span class=\"fusion-button-text\">Ver <\/span><\/a><\/div><\/div><\/div><\/div><\/div><\/div><\/div><\/div><div class=\"fusion-fullwidth fullwidth-box fusion-builder-row-2 fusion-flex-container has-pattern-background has-mask-background nonhundred-percent-fullwidth non-hundred-percent-height-scrolling\" style=\"--awb-border-radius-top-left:0px;--awb-border-radius-top-right:0px;--awb-border-radius-bottom-right:0px;--awb-border-radius-bottom-left:0px;--awb-padding-top:10%;--awb-padding-bottom:10%;--awb-flex-wrap:wrap;\" ><div class=\"fusion-builder-row fusion-row fusion-flex-align-items-flex-start fusion-flex-content-wrap\" style=\"max-width:1560px;margin-left: calc(-4% \/ 2 );margin-right: calc(-4% \/ 2 );\"><div class=\"fusion-layout-column fusion_builder_column fusion-builder-column-2 fusion_builder_column_1_3 1_3 fusion-flex-column\" style=\"--awb-bg-size:cover;--awb-width-large:33.333333333333%;--awb-margin-top-large:0px;--awb-spacing-right-large:5.76%;--awb-margin-bottom-large:20px;--awb-spacing-left-large:5.76%;--awb-width-medium:33.333333333333%;--awb-order-medium:0;--awb-spacing-right-medium:5.76%;--awb-spacing-left-medium:5.76%;--awb-width-small:100%;--awb-order-small:0;--awb-spacing-right-small:1.92%;--awb-spacing-left-small:1.92%;\"><div class=\"fusion-column-wrapper fusion-column-has-shadow fusion-flex-justify-content-flex-start fusion-content-layout-column\"><div class=\"fusion-title title fusion-title-4 fusion-sep-none fusion-title-text fusion-title-size-four\"><h4 class=\"fusion-title-heading title-heading-left\" style=\"margin:0;\">Datos de contacto:<\/h4><\/div><div class=\"fusion-content-boxes content-boxes columns row fusion-columns-1 fusion-columns-total-1 fusion-content-boxes-1 content-boxes-icon-with-title content-left\" style=\"--awb-item-margin-top:10px;--awb-item-margin-bottom:10px;--awb-hover-accent-color:var(--awb-color4);--awb-circle-hover-accent-color:var(--awb-color4);\" data-animationOffset=\"top-into-view\"><div style=\"--awb-backgroundcolor:rgba(255,255,255,0);--awb-iconcolor:var(--awb-color4);--awb-circle-hover-accent-color:transparent;\" class=\"fusion-column content-box-column content-box-column content-box-column-1 col-lg-12 col-md-12 col-sm-12 fusion-content-box-hover content-box-column-last content-box-column-last-in-row\"><div class=\"col content-box-wrapper content-wrapper link-area-link-icon icon-hover-animation-fade\" data-animationOffset=\"top-into-view\"><div class=\"heading heading-with-icon icon-left\"><div class=\"icon\"><i style=\"border-color:var(--awb-color8);border-width:0px;background-color:rgba(40,40,40,0);box-sizing:content-box;height:40px;width:40px;line-height:40px;border-radius:50%;font-size:20px;\" aria-hidden=\"true\" class=\"fontawesome-icon fa-envelope fas circle-yes\"><\/i><\/div><h4 class=\"content-box-heading\" style=\"--h4_typography-font-size:18px;line-height:23px;\">mbymiquel@gmail.com<\/h4><\/div><\/div><\/div><div class=\"fusion-clearfix\"><\/div><\/div><\/div><\/div><div class=\"fusion-layout-column fusion_builder_column fusion-builder-column-3 fusion_builder_column_1_3 1_3 fusion-flex-column\" style=\"--awb-bg-size:cover;--awb-width-large:33.333333333333%;--awb-margin-top-large:0px;--awb-spacing-right-large:5.76%;--awb-margin-bottom-large:20px;--awb-spacing-left-large:5.76%;--awb-width-medium:33.333333333333%;--awb-order-medium:0;--awb-spacing-right-medium:5.76%;--awb-spacing-left-medium:5.76%;--awb-width-small:100%;--awb-order-small:0;--awb-spacing-right-small:1.92%;--awb-spacing-left-small:1.92%;\"><div class=\"fusion-column-wrapper fusion-column-has-shadow fusion-flex-justify-content-flex-start fusion-content-layout-column\"><div class=\"fusion-title title fusion-title-5 fusion-sep-none fusion-title-text fusion-title-size-four\"><h4 class=\"fusion-title-heading title-heading-left\" style=\"margin:0;\">Opiniones de los novios:<\/h4><\/div><div class=\"fusion-text fusion-text-2\"><div class=\"glsr glsr-default\" id=\"glsr_5bec4543\" data-from='shortcode' data-shortcode='site_reviews' data-assigned_posts='400' data-hide='[&quot;title&quot;]'><div class=\"glsr-reviews-wrap\">\n    <div class=\"glsr-reviews\">\n        <p class=\"glsr-no-margins\">Todav\u00eda no existe ninguna opini\u00f3n. S\u00e9 el primero en dejar un comentario.<\/p>\n    <\/div>\n    \n<\/div><\/div>\n<\/div><\/div><\/div><div class=\"fusion-layout-column fusion_builder_column fusion-builder-column-4 fusion_builder_column_1_3 1_3 fusion-flex-column\" style=\"--awb-bg-size:cover;--awb-width-large:33.333333333333%;--awb-margin-top-large:0px;--awb-spacing-right-large:5.76%;--awb-margin-bottom-large:20px;--awb-spacing-left-large:5.76%;--awb-width-medium:33.333333333333%;--awb-order-medium:0;--awb-spacing-right-medium:5.76%;--awb-spacing-left-medium:5.76%;--awb-width-small:100%;--awb-order-small:0;--awb-spacing-right-small:1.92%;--awb-spacing-left-small:1.92%;\"><div class=\"fusion-column-wrapper fusion-column-has-shadow fusion-flex-justify-content-flex-start fusion-content-layout-column\"><div class=\"fusion-title title fusion-title-6 fusion-sep-none fusion-title-text fusion-title-size-four\"><h4 class=\"fusion-title-heading title-heading-left\" style=\"margin:0;\">D\u00e9janos tu opini\u00f3n:<\/h4><\/div><div class=\"fusion-text fusion-text-3\"><div class=\"glsr glsr-default\" id=\"glsr_fdad75cd\" data-from='shortcode' data-shortcode='site_reviews_form' data-assigned_posts='400' data-hide='[&quot;title&quot;]'><div class=\"glsr-form-wrap\">\n    <form class=\"glsr-review-form glsr-form\" method=\"post\" enctype=\"multipart\/form-data\">\n        <input name=\"site-reviews[_action]\" type=\"hidden\" value=\"submit-review\"><input name=\"site-reviews[_nonce]\" type=\"hidden\" value=\"1eb9ab8bbf\"><input name=\"site-reviews[_post_id]\" type=\"hidden\" value=\"1207\"><input name=\"site-reviews[_referer]\" type=\"hidden\" value=\"\/es\/wp-json\/wp\/v2\/pages\/1207\"><input name=\"site-reviews[assigned_posts]\" type=\"hidden\" value=\"400\"><input name=\"site-reviews[assigned_terms]\" type=\"hidden\" value=\"\"><input name=\"site-reviews[assigned_users]\" type=\"hidden\" value=\"\"><input name=\"site-reviews[excluded]\" type=\"hidden\" value=\"title\"><input name=\"site-reviews[form_id]\" type=\"hidden\" value=\"glsr_fdad75cd\"><input name=\"site-reviews[terms_exist]\" type=\"hidden\" value=\"1\"><div class=\"glsr-field\" style=\"display:none;\"><label class=\"glsr-label glsr-label-text\" for=\"site-reviews-57d417f6-glsr_fdad75cd\"><span>Tu opini\u00f3n<\/span><\/label><input class=\"glsr-input glsr-input-text\" id=\"site-reviews-57d417f6-glsr_fdad75cd\" name=\"site-reviews[57d417f6]\" type=\"text\" value=\"\"><\/div><div class=\"glsr-field glsr-field-rating glsr-required\" data-field=\"rating\">\n    <label class=\"glsr-label glsr-label-rating\" for=\"site-reviews-rating-glsr_fdad75cd\"><span>\u00bfQu\u00e9 puntuaci\u00f3n le das?<\/span><\/label>\n    <select class=\"glsr-select browser-default no_wrap no-wrap\" id=\"site-reviews-rating-glsr_fdad75cd\" name=\"site-reviews[rating]\" required><option selected value=\"\">Seleccionar una puntuaci\u00f3n<\/option><option value=\"5\">5 estrellas<\/option><option value=\"4\">4 estrellas<\/option><option value=\"3\">3 estrellas<\/option><option value=\"2\">2 estrellas<\/option><option value=\"1\">1 estrella<\/option><\/select>\n    <div class=\"glsr-field-error\"><\/div>\n<\/div><div class=\"glsr-field glsr-field-textarea glsr-required\" data-field=\"content\">\n    <label class=\"glsr-label glsr-label-textarea\" for=\"site-reviews-content-glsr_fdad75cd\"><span>Tu opini\u00f3n<\/span><\/label>\n    <textarea class=\"glsr-textarea\" id=\"site-reviews-content-glsr_fdad75cd\" name=\"site-reviews[content]\" rows=\"5\" required><\/textarea>\n    <div class=\"glsr-field-error\"><\/div>\n<\/div><div class=\"glsr-field glsr-field-text glsr-required\" data-field=\"name\">\n    <label class=\"glsr-label glsr-label-text\" for=\"site-reviews-name-glsr_fdad75cd\"><span>Tu nombre<\/span><\/label>\n    <input class=\"glsr-input glsr-input-text\" id=\"site-reviews-name-glsr_fdad75cd\" name=\"site-reviews[name]\" type=\"text\" required value=\"\">\n    <div class=\"glsr-field-error\"><\/div>\n<\/div><div class=\"glsr-field glsr-field-email glsr-required\" data-field=\"email\">\n    <label class=\"glsr-label glsr-label-email\" for=\"site-reviews-email-glsr_fdad75cd\"><span>Tu correo electr\u00f3nico (no aparecer\u00e1 en p\u00fablico)<\/span><\/label>\n    <input class=\"glsr-input glsr-input-email\" id=\"site-reviews-email-glsr_fdad75cd\" name=\"site-reviews[email]\" type=\"email\" required value=\"\">\n    <div class=\"glsr-field-error\"><\/div>\n<\/div><div class=\"glsr-field glsr-field-choice glsr-required\" data-field=\"terms\">\n    \n    <span class=\"glsr-field-toggle\">\n    <span class=\"glsr-toggle\">\n        <label for=\"site-reviews-terms-glsr_fdad75cd-1\">Esta revisi\u00f3n se basa en mi propia experiencia y es mi verdadera opini\u00f3n.<\/label>\n        <span class=\"glsr-toggle-switch\">\n            <input class=\"glsr-input-toggle\" id=\"site-reviews-terms-glsr_fdad75cd-1\" name=\"site-reviews[terms]\" type=\"checkbox\" value=\"1\" required> &#8203; <!-- zero-space character used for alignment -->\n            <span class=\"glsr-toggle-track\"><\/span>\n        <\/span>\n    <\/span>\n<\/span>\n    <div class=\"glsr-field-error\"><\/div>\n<\/div>\n        <div class=\"glsr-form-message\">\n    \n<\/div>\n        <div data-field=\"submit-button\">\n    <div class=\"wp-block-button\">\n        <button type=\"submit\" class=\"glsr-button wp-block-button__link\" \n            aria-busy=\"false\"\n            data-loading=\"Enviando...\" \n        >Enviar <\/button>\n    <\/div>\n<\/div>\n    <\/form>\n<\/div><\/div>\n<\/div><\/div><\/div><\/div><\/div><\/p>\n","protected":false},"excerpt":{"rendered":"","protected":false},"author":1,"featured_media":0,"parent":1166,"menu_order":0,"comment_status":"closed","ping_status":"closed","template":"100-width.php","meta":{"_glsr_average":0,"_glsr_ranking":0,"_glsr_reviews":0,"footnotes":""},"class_list":["post-1207","page","type-page","status-publish","hentry"],"yoast_head":"<!-- This site is optimized with the Yoast SEO plugin v24.3 - https:\/\/yoast.com\/wordpress\/plugins\/seo\/ -->\n<title>MbyMiquel- estilisme- qboda - QBoda<\/title>\n<meta name=\"robots\" content=\"index, follow, max-snippet:-1, max-image-preview:large, max-video-preview:-1\" \/>\n<link rel=\"canonical\" href=\"https:\/\/www.qboda.es\/estilistes\/mbymiquel-estilisme-qboda\/\" \/>\n<meta property=\"og:locale\" content=\"es_ES\" \/>\n<meta property=\"og:type\" content=\"article\" \/>\n<meta property=\"og:title\" content=\"MbyMiquel- estilisme- qboda - QBoda\" \/>\n<meta property=\"og:url\" content=\"https:\/\/www.qboda.es\/estilistes\/mbymiquel-estilisme-qboda\/\" \/>\n<meta property=\"og:site_name\" content=\"QBoda\" \/>\n<meta property=\"article:modified_time\" content=\"2024-04-03T10:14:10+00:00\" \/>\n<meta name=\"twitter:card\" content=\"summary_large_image\" \/>\n<meta name=\"twitter:label1\" content=\"Tiempo de lectura\" \/>\n\t<meta name=\"twitter:data1\" content=\"31 minutos\" \/>\n<script type=\"application\/ld+json\" class=\"yoast-schema-graph\">{\"@context\":\"https:\/\/schema.org\",\"@graph\":[{\"@type\":\"WebPage\",\"@id\":\"https:\/\/www.qboda.es\/estilistes\/mbymiquel-estilisme-qboda\/\",\"url\":\"https:\/\/www.qboda.es\/estilistes\/mbymiquel-estilisme-qboda\/\",\"name\":\"MbyMiquel- estilisme- qboda - QBoda\",\"isPartOf\":{\"@id\":\"https:\/\/www.qboda.es\/#website\"},\"datePublished\":\"2024-02-19T12:25:03+00:00\",\"dateModified\":\"2024-04-03T10:14:10+00:00\",\"breadcrumb\":{\"@id\":\"https:\/\/www.qboda.es\/estilistes\/mbymiquel-estilisme-qboda\/#breadcrumb\"},\"inLanguage\":\"es\",\"potentialAction\":[{\"@type\":\"ReadAction\",\"target\":[\"https:\/\/www.qboda.es\/estilistes\/mbymiquel-estilisme-qboda\/\"]}]},{\"@type\":\"BreadcrumbList\",\"@id\":\"https:\/\/www.qboda.es\/estilistes\/mbymiquel-estilisme-qboda\/#breadcrumb\",\"itemListElement\":[{\"@type\":\"ListItem\",\"position\":1,\"name\":\"Inici\",\"item\":\"https:\/\/www.qboda.es\/es\/\"},{\"@type\":\"ListItem\",\"position\":2,\"name\":\"Estilistas\",\"item\":\"https:\/\/www.qboda.es\/es\/estilistes\/\"},{\"@type\":\"ListItem\",\"position\":3,\"name\":\"MbyMiquel- estilisme- qboda\"}]},{\"@type\":\"WebSite\",\"@id\":\"https:\/\/www.qboda.es\/#website\",\"url\":\"https:\/\/www.qboda.es\/\",\"name\":\"QBoda\",\"description\":\"Els Millors Proveidors nupcials de les terrres de Lleida\",\"potentialAction\":[{\"@type\":\"SearchAction\",\"target\":{\"@type\":\"EntryPoint\",\"urlTemplate\":\"https:\/\/www.qboda.es\/?s={search_term_string}\"},\"query-input\":{\"@type\":\"PropertyValueSpecification\",\"valueRequired\":true,\"valueName\":\"search_term_string\"}}],\"inLanguage\":\"es\"}]}<\/script>\n<!-- \/ Yoast SEO plugin. -->","yoast_head_json":{"title":"MbyMiquel- estilisme- qboda - QBoda","robots":{"index":"index","follow":"follow","max-snippet":"max-snippet:-1","max-image-preview":"max-image-preview:large","max-video-preview":"max-video-preview:-1"},"canonical":"https:\/\/www.qboda.es\/estilistes\/mbymiquel-estilisme-qboda\/","og_locale":"es_ES","og_type":"article","og_title":"MbyMiquel- estilisme- qboda - QBoda","og_url":"https:\/\/www.qboda.es\/estilistes\/mbymiquel-estilisme-qboda\/","og_site_name":"QBoda","article_modified_time":"2024-04-03T10:14:10+00:00","twitter_card":"summary_large_image","twitter_misc":{"Tiempo de lectura":"31 minutos"},"schema":{"@context":"https:\/\/schema.org","@graph":[{"@type":"WebPage","@id":"https:\/\/www.qboda.es\/estilistes\/mbymiquel-estilisme-qboda\/","url":"https:\/\/www.qboda.es\/estilistes\/mbymiquel-estilisme-qboda\/","name":"MbyMiquel- estilisme- qboda - QBoda","isPartOf":{"@id":"https:\/\/www.qboda.es\/#website"},"datePublished":"2024-02-19T12:25:03+00:00","dateModified":"2024-04-03T10:14:10+00:00","breadcrumb":{"@id":"https:\/\/www.qboda.es\/estilistes\/mbymiquel-estilisme-qboda\/#breadcrumb"},"inLanguage":"es","potentialAction":[{"@type":"ReadAction","target":["https:\/\/www.qboda.es\/estilistes\/mbymiquel-estilisme-qboda\/"]}]},{"@type":"BreadcrumbList","@id":"https:\/\/www.qboda.es\/estilistes\/mbymiquel-estilisme-qboda\/#breadcrumb","itemListElement":[{"@type":"ListItem","position":1,"name":"Inici","item":"https:\/\/www.qboda.es\/es\/"},{"@type":"ListItem","position":2,"name":"Estilistas","item":"https:\/\/www.qboda.es\/es\/estilistes\/"},{"@type":"ListItem","position":3,"name":"MbyMiquel- estilisme- qboda"}]},{"@type":"WebSite","@id":"https:\/\/www.qboda.es\/#website","url":"https:\/\/www.qboda.es\/","name":"QBoda","description":"Els Millors Proveidors nupcials de les terrres de Lleida","potentialAction":[{"@type":"SearchAction","target":{"@type":"EntryPoint","urlTemplate":"https:\/\/www.qboda.es\/?s={search_term_string}"},"query-input":{"@type":"PropertyValueSpecification","valueRequired":true,"valueName":"search_term_string"}}],"inLanguage":"es"}]}},"_links":{"self":[{"href":"https:\/\/www.qboda.es\/es\/wp-json\/wp\/v2\/pages\/1207","targetHints":{"allow":["GET"]}}],"collection":[{"href":"https:\/\/www.qboda.es\/es\/wp-json\/wp\/v2\/pages"}],"about":[{"href":"https:\/\/www.qboda.es\/es\/wp-json\/wp\/v2\/types\/page"}],"author":[{"embeddable":true,"href":"https:\/\/www.qboda.es\/es\/wp-json\/wp\/v2\/users\/1"}],"replies":[{"embeddable":true,"href":"https:\/\/www.qboda.es\/es\/wp-json\/wp\/v2\/comments?post=1207"}],"version-history":[{"count":2,"href":"https:\/\/www.qboda.es\/es\/wp-json\/wp\/v2\/pages\/1207\/revisions"}],"predecessor-version":[{"id":1210,"href":"https:\/\/www.qboda.es\/es\/wp-json\/wp\/v2\/pages\/1207\/revisions\/1210"}],"up":[{"embeddable":true,"href":"https:\/\/www.qboda.es\/es\/wp-json\/wp\/v2\/pages\/1166"}],"wp:attachment":[{"href":"https:\/\/www.qboda.es\/es\/wp-json\/wp\/v2\/media?parent=1207"}],"curies":[{"name":"wp","href":"https:\/\/api.w.org\/{rel}","templated":true}]}}